{"id":16,"date":"2023-08-21T11:56:00","date_gmt":"2023-08-21T09:56:00","guid":{"rendered":"http:\/\/213.254.56.229\/?page_id=16"},"modified":"2023-09-29T09:12:51","modified_gmt":"2023-09-29T07:12:51","slug":"ueber-uns","status":"publish","type":"page","link":"https:\/\/www.egs-metering.com\/en\/ueber-uns\/","title":{"rendered":"Imprint"},"content":{"rendered":"<div data-elementor-type=\"wp-page\" data-elementor-id=\"16\" class=\"elementor elementor-16\">\n\t\t\t\t<div class=\"elementor-element elementor-element-b922771 e-flex e-con-boxed e-con e-parent\" data-id=\"b922771\" data-element_type=\"container\">\n\t\t\t\t\t<div class=\"e-con-inner\">\n\t\t\t\t<div class=\"elementor-element elementor-element-c668ffb elementor-widget elementor-widget-image\" data-id=\"c668ffb\" data-element_type=\"widget\" data-widget_type=\"image.default\">\n\t\t\t\t<div class=\"elementor-widget-container\">\n\t\t\t\t\t\t\t\t\t\t\t\t\t\t\t<img fetchpriority=\"high\" decoding=\"async\" width=\"1024\" height=\"240\" src=\"https:\/\/www.egs-metering.com\/wp-content\/uploads\/2023\/09\/iStock-1264245287_small.jpg\" class=\"attachment-full size-full wp-image-337\" alt=\"\" srcset=\"https:\/\/www.egs-metering.com\/wp-content\/uploads\/2023\/09\/iStock-1264245287_small.jpg 1024w, https:\/\/www.egs-metering.com\/wp-content\/uploads\/2023\/09\/iStock-1264245287_small-300x70.jpg 300w, https:\/\/www.egs-metering.com\/wp-content\/uploads\/2023\/09\/iStock-1264245287_small-768x180.jpg 768w, https:\/\/www.egs-metering.com\/wp-content\/uploads\/2023\/09\/iStock-1264245287_small-18x4.jpg 18w\" sizes=\"(max-width: 1024px) 100vw, 1024px\" \/>\t\t\t\t\t\t\t\t\t\t\t\t\t\t\t<\/div>\n\t\t\t\t<\/div>\n\t\t\t\t\t<\/div>\n\t\t\t\t<\/div>\n\t\t<div class=\"elementor-element elementor-element-6d44aae e-flex e-con-boxed e-con e-parent\" data-id=\"6d44aae\" data-element_type=\"container\">\n\t\t\t\t\t<div class=\"e-con-inner\">\n\t\t\t\t\t<\/div>\n\t\t\t\t<\/div>\n\t\t<div class=\"elementor-element elementor-element-0b460d5 e-flex e-con-boxed e-con e-parent\" data-id=\"0b460d5\" data-element_type=\"container\">\n\t\t\t\t\t<div class=\"e-con-inner\">\n\t\t\t\t<div class=\"elementor-element elementor-element-bd93f5b elementor-widget elementor-widget-text-editor\" data-id=\"bd93f5b\" data-element_type=\"widget\" data-widget_type=\"text-editor.default\">\n\t\t\t\t<div class=\"elementor-widget-container\">\n\t\t\t\t\t\t\t\t\t<p><strong>Responsible for this website:<\/strong><\/p><p>EGS GmbH &amp; Co. KG<br \/>Neu-Galliner Weg 1<br \/>19258 Gallin, GERMANY<br \/>Germany<\/p><p>Tel:\u00a0 +49 38851 326-0<br \/>Fax: +49 38851 326-1129<\/p><p>E-Mail:\u00a0<span id=\"cloak00c2158167178cfe74c2e139005b99b6\"><\/span>info(at)egs-metering.com<br \/>Internet<strong>:<\/strong>\u00a0<a href=\"https:\/\/www.egs-metering.com\/en\/\" target=\"_blank\" rel=\"noopener noreferrer\">www.egs-metering.com<\/a><\/p><p>Tax Number: <span class=\"fontstyle0\">4079\/184\/02548<\/span><br \/>VAT Registration Number: <span class=\"fontstyle0\">DE 274125728<\/span><br \/>Form of Organisation: Limited commercial partnership, based in Gallin, Trade register No. HRA 3134 Schwerin<\/p><p>Managing Director: Dipl.-Ing. Norbert Malek<\/p><p>Personally Liable Partner:<br \/>EGS Beteiligungsgesellschaft mbH, based in Gallin<br \/>HR \u2013 Nr. HRB 10682<\/p>\t\t\t\t\t\t\t\t<\/div>\n\t\t\t\t<\/div>\n\t\t\t\t<div class=\"elementor-element elementor-element-5f95e45 elementor-widget-divider--view-line elementor-widget elementor-widget-divider\" data-id=\"5f95e45\" data-element_type=\"widget\" data-widget_type=\"divider.default\">\n\t\t\t\t<div class=\"elementor-widget-container\">\n\t\t\t\t\t\t\t<div class=\"elementor-divider\">\n\t\t\t<span class=\"elementor-divider-separator\">\n\t\t\t\t\t\t<\/span>\n\t\t<\/div>\n\t\t\t\t\t\t<\/div>\n\t\t\t\t<\/div>\n\t\t\t\t\t<\/div>\n\t\t\t\t<\/div>\n\t\t<div class=\"elementor-element elementor-element-16e7f85 e-flex e-con-boxed e-con e-parent\" data-id=\"16e7f85\" data-element_type=\"container\">\n\t\t\t\t\t<div class=\"e-con-inner\">\n\t\t\t\t<div class=\"elementor-element elementor-element-592ebde elementor-widget elementor-widget-text-editor\" data-id=\"592ebde\" data-element_type=\"widget\" data-widget_type=\"text-editor.default\">\n\t\t\t\t<div class=\"elementor-widget-container\">\n\t\t\t\t\t\t\t\t\t<p><strong>Copyright<\/strong><\/p>\t\t\t\t\t\t\t\t<\/div>\n\t\t\t\t<\/div>\n\t\t\t\t<div class=\"elementor-element elementor-element-bdb46ae elementor-widget elementor-widget-text-editor\" data-id=\"bdb46ae\" data-element_type=\"widget\" data-widget_type=\"text-editor.default\">\n\t\t\t\t<div class=\"elementor-widget-container\">\n\t\t\t\t\t\t\t\t\t<p><span class=\"Normal\">\u00a9 <\/span>EGS GmbH &amp; Co. KG. All Rights reserved.<br \/>EGS GmbH &amp; Co. KG. All Rights reserved.\nAll of the contents published on this website are copyright. Translations, reprints, duplication and also saving on recording medium or in data processors requires the exclusive permission from EMH. All of the named trademarks and product names are trademarks, registered trademarks or product names of the respective title holders.<\/p>\t\t\t\t\t\t\t\t<\/div>\n\t\t\t\t<\/div>\n\t\t\t\t<div class=\"elementor-element elementor-element-5d90568 elementor-widget-divider--view-line elementor-widget elementor-widget-divider\" data-id=\"5d90568\" data-element_type=\"widget\" data-widget_type=\"divider.default\">\n\t\t\t\t<div class=\"elementor-widget-container\">\n\t\t\t\t\t\t\t<div class=\"elementor-divider\">\n\t\t\t<span class=\"elementor-divider-separator\">\n\t\t\t\t\t\t<\/span>\n\t\t<\/div>\n\t\t\t\t\t\t<\/div>\n\t\t\t\t<\/div>\n\t\t\t\t\t<\/div>\n\t\t\t\t<\/div>\n\t\t<div class=\"elementor-element elementor-element-f6dee32 e-flex e-con-boxed e-con e-parent\" data-id=\"f6dee32\" data-element_type=\"container\">\n\t\t\t\t\t<div class=\"e-con-inner\">\n\t\t\t\t<div class=\"elementor-element elementor-element-8383d9f elementor-widget elementor-widget-text-editor\" data-id=\"8383d9f\" data-element_type=\"widget\" data-widget_type=\"text-editor.default\">\n\t\t\t\t<div class=\"elementor-widget-container\">\n\t\t\t\t\t\t\t\t\t<p><strong>Caveat Emptor<\/strong><\/p>\t\t\t\t\t\t\t\t<\/div>\n\t\t\t\t<\/div>\n\t\t\t\t<div class=\"elementor-element elementor-element-fb107f4 elementor-widget elementor-widget-text-editor\" data-id=\"fb107f4\" data-element_type=\"widget\" data-widget_type=\"text-editor.default\">\n\t\t\t\t<div class=\"elementor-widget-container\">\n\t\t\t\t\t\t\t\t\t<p>EGS continually endeavours to improve the products. Therefore alternations to the technical specifications are sometimes necessary. In spite of continually updating the contents of the website EGS assumes no liability or guarantee regarding the correctness of the information. EGS does also not assume any liability for contents of websites which are made reference to via a Hyperlink. For the contents of these websites the respective operator is responsible.<\/p>\t\t\t\t\t\t\t\t<\/div>\n\t\t\t\t<\/div>\n\t\t\t\t<div class=\"elementor-element elementor-element-8fa6564 elementor-widget-divider--view-line elementor-widget elementor-widget-divider\" data-id=\"8fa6564\" data-element_type=\"widget\" data-widget_type=\"divider.default\">\n\t\t\t\t<div class=\"elementor-widget-container\">\n\t\t\t\t\t\t\t<div class=\"elementor-divider\">\n\t\t\t<span class=\"elementor-divider-separator\">\n\t\t\t\t\t\t<\/span>\n\t\t<\/div>\n\t\t\t\t\t\t<\/div>\n\t\t\t\t<\/div>\n\t\t\t\t\t<\/div>\n\t\t\t\t<\/div>\n\t\t\t\t<\/div>","protected":false},"excerpt":{"rendered":"<p>Verantwortlich f\u00fcr diese Website: EGS GmbH &amp; Co. KGNeu-Galliner Weg 119258 GallinGermany Tel:\u00a0 +49 38851 326-0Fax: +49 38851 326-1129 E-Mail:\u00a0info(at)egs-metering.comInternet:\u00a0www.egs-metering.com Steuer-Nr.: 4079\/184\/02548USt-Id-Nr.: DE 274125728Rechtsform: Kommanditgesellschaft, Sitz Gallin, HR \u2013 Nr. HRA 3134 Schwerin Gesch\u00e4ftsf\u00fchrer: Dipl.-Ing. Norbert Malek Pers\u00f6nlich haftende Gesellschafterin:EGS Beteiligungsgesellschaft mbH, Sitz der Gesellschaft: GallinHR \u2013 Nr. HRB 10682 Copyright \u00a9 EGS GmbH &amp; [&hellip;]<\/p>","protected":false},"author":1,"featured_media":0,"parent":0,"menu_order":0,"comment_status":"closed","ping_status":"closed","template":"","meta":{"ocean_post_layout":"full-screen","ocean_both_sidebars_style":"","ocean_both_sidebars_content_width":0,"ocean_both_sidebars_sidebars_width":0,"ocean_sidebar":"0","ocean_second_sidebar":"0","ocean_disable_margins":"enable","ocean_add_body_class":"","ocean_shortcode_before_top_bar":"","ocean_shortcode_after_top_bar":"","ocean_shortcode_before_header":"","ocean_shortcode_after_header":"","ocean_has_shortcode":"","ocean_shortcode_after_title":"","ocean_shortcode_before_footer_widgets":"","ocean_shortcode_after_footer_widgets":"","ocean_shortcode_before_footer_bottom":"","ocean_shortcode_after_footer_bottom":"","ocean_display_top_bar":"off","ocean_display_header":"default","ocean_header_style":"","ocean_center_header_left_menu":"0","ocean_custom_header_template":"0","ocean_custom_logo":0,"ocean_custom_retina_logo":0,"ocean_custom_logo_max_width":0,"ocean_custom_logo_tablet_max_width":0,"ocean_custom_logo_mobile_max_width":0,"ocean_custom_logo_max_height":0,"ocean_custom_logo_tablet_max_height":0,"ocean_custom_logo_mobile_max_height":0,"ocean_header_custom_menu":"0","ocean_menu_typo_font_family":"0","ocean_menu_typo_font_subset":"","ocean_menu_typo_font_size":0,"ocean_menu_typo_font_size_tablet":0,"ocean_menu_typo_font_size_mobile":0,"ocean_menu_typo_font_size_unit":"px","ocean_menu_typo_font_weight":"","ocean_menu_typo_font_weight_tablet":"","ocean_menu_typo_font_weight_mobile":"","ocean_menu_typo_transform":"","ocean_menu_typo_transform_tablet":"","ocean_menu_typo_transform_mobile":"","ocean_menu_typo_line_height":0,"ocean_menu_typo_line_height_tablet":0,"ocean_menu_typo_line_height_mobile":0,"ocean_menu_typo_line_height_unit":"","ocean_menu_typo_spacing":0,"ocean_menu_typo_spacing_tablet":0,"ocean_menu_typo_spacing_mobile":0,"ocean_menu_typo_spacing_unit":"","ocean_menu_link_color":"","ocean_menu_link_color_hover":"","ocean_menu_link_color_active":"","ocean_menu_link_background":"","ocean_menu_link_hover_background":"","ocean_menu_link_active_background":"","ocean_menu_social_links_bg":"","ocean_menu_social_hover_links_bg":"","ocean_menu_social_links_color":"","ocean_menu_social_hover_links_color":"","ocean_disable_title":"on","ocean_disable_heading":"default","ocean_post_title":"","ocean_post_subheading":"","ocean_post_title_style":"","ocean_post_title_background_color":"","ocean_post_title_background":0,"ocean_post_title_bg_image_position":"","ocean_post_title_bg_image_attachment":"","ocean_post_title_bg_image_repeat":"","ocean_post_title_bg_image_size":"","ocean_post_title_height":0,"ocean_post_title_bg_overlay":0.5,"ocean_post_title_bg_overlay_color":"","ocean_disable_breadcrumbs":"default","ocean_breadcrumbs_color":"","ocean_breadcrumbs_separator_color":"","ocean_breadcrumbs_links_color":"","ocean_breadcrumbs_links_hover_color":"","ocean_display_footer_widgets":"off","ocean_display_footer_bottom":"off","ocean_custom_footer_template":"0","footnotes":""},"class_list":["post-16","page","type-page","status-publish","hentry","entry"],"_links":{"self":[{"href":"https:\/\/www.egs-metering.com\/en\/wp-json\/wp\/v2\/pages\/16","targetHints":{"allow":["GET"]}}],"collection":[{"href":"https:\/\/www.egs-metering.com\/en\/wp-json\/wp\/v2\/pages"}],"about":[{"href":"https:\/\/www.egs-metering.com\/en\/wp-json\/wp\/v2\/types\/page"}],"author":[{"embeddable":true,"href":"https:\/\/www.egs-metering.com\/en\/wp-json\/wp\/v2\/users\/1"}],"replies":[{"embeddable":true,"href":"https:\/\/www.egs-metering.com\/en\/wp-json\/wp\/v2\/comments?post=16"}],"version-history":[{"count":92,"href":"https:\/\/www.egs-metering.com\/en\/wp-json\/wp\/v2\/pages\/16\/revisions"}],"predecessor-version":[{"id":468,"href":"https:\/\/www.egs-metering.com\/en\/wp-json\/wp\/v2\/pages\/16\/revisions\/468"}],"wp:attachment":[{"href":"https:\/\/www.egs-metering.com\/en\/wp-json\/wp\/v2\/media?parent=16"}],"curies":[{"name":"wp","href":"https:\/\/api.w.org\/{rel}","templated":true}]}}